	
	
	
	
	
	
	
	
	
	
	
	
	
	
	
	
	
	
	
	
	



{"id":4509,"date":"2018-01-04T16:35:49","date_gmt":"2018-01-04T15:35:49","guid":{"rendered":"http:\/\/palazzodomanto.com\/?page_id=4509"},"modified":"2018-01-15T09:59:42","modified_gmt":"2018-01-15T08:59:42","slug":"cosa-visitare","status":"publish","type":"page","link":"https:\/\/www.palazzodomanto.com\/it\/cosa-visitare\/","title":{"rendered":"Cosa Visitare"},"content":{"rendered":"<p>[vc_row css=&#8221;.vc_custom_1515688284342{margin-bottom: 25px !important;}&#8221;][vc_column][vc_column_text]<\/p>\n<h1 style=\"text-align: center; font-size: 32px;\"><span style=\"color: #8b171a;\">Itinerari, Monumenti e Musei a Parma<\/span><\/h1>\n<h2 style=\"text-align: center;\">I luoghi pi\u00f9 significativi e le attrazioni turistiche di parma.<\/h2>\n<p>[\/vc_column_text][\/vc_column][\/vc_row][vc_row][vc_column width=&#8221;1\/4&#8243;][vc_single_image image=&#8221;4725&#8243; img_size=&#8221;full&#8221; alignment=&#8221;center&#8221;][vc_column_text css=&#8221;.vc_custom_1516006789957{margin-bottom: 35px !important;}&#8221;]<\/p>\n<h2 style=\"text-align: center; margin-bottom: 5px;\">Duomo e Battistero<\/h2>\n<p style=\"text-align: justify;\">La cattedrale di Parma costituisce insieme al Battistero uno dei monumenti pi\u00f9 rilevanti della citt\u00e0 per bellezza e importanza storica.<\/p>\n<p>[\/vc_column_text][vc_btn title=&#8221;SCOPRI DI PI\u00d9&#8221; style=&#8221;custom&#8221; custom_background=&#8221;#8b171a&#8221; custom_text=&#8221;#ffffff&#8221; shape=&#8221;square&#8221; align=&#8221;center&#8221; link=&#8221;url:http%3A%2F%2Fpalazzodomanto.com%2Fduomo-battistero-parma|||&#8221;][\/vc_column][vc_column width=&#8221;1\/4&#8243;][vc_single_image image=&#8221;4726&#8243; img_size=&#8221;full&#8221; alignment=&#8221;center&#8221;][vc_column_text]<\/p>\n<h2 style=\"text-align: center; margin-bottom: 5px;\">Teatro Farnese<\/h2>\n<p style=\"text-align: justify;\">Costruito nel 1618 al primo piano del Palazzo Pilotta, il teatro \u00e8 realizzato totalmente in legno e decorato a finto marmo.<\/p>\n<p>[\/vc_column_text][vc_btn title=&#8221;SCOPRI DI PI\u00d9&#8221; style=&#8221;custom&#8221; custom_background=&#8221;#8b171a&#8221; custom_text=&#8221;#ffffff&#8221; shape=&#8221;square&#8221; align=&#8221;center&#8221; link=&#8221;url:http%3A%2F%2Fpalazzodomanto.com%2Fteatro-farnese-parma|||&#8221;][\/vc_column][vc_column width=&#8221;1\/4&#8243;][vc_single_image image=&#8221;4732&#8243; img_size=&#8221;full&#8221; alignment=&#8221;center&#8221;][vc_column_text]<\/p>\n<h2 style=\"text-align: center; margin-bottom: 5px;\">Parco Ducale<\/h2>\n<p style=\"text-align: justify;\">\u00c8 da sempre il &#8220;giardino&#8221; di Parma. Realizzato nel 1561 come parco privato, \u00e8 stato aperto al publico solo dopo l&#8217;unit\u00e0 di Italia.<\/p>\n<p>[\/vc_column_text][vc_btn title=&#8221;SCOPRI DI PI\u00d9&#8221; style=&#8221;custom&#8221; custom_background=&#8221;#8b171a&#8221; custom_text=&#8221;#ffffff&#8221; shape=&#8221;square&#8221; align=&#8221;center&#8221; link=&#8221;url:http%3A%2F%2Fpalazzodomanto.com%2Fparco-ducale-parma|||&#8221;][\/vc_column][vc_column width=&#8221;1\/4&#8243;][vc_single_image image=&#8221;4730&#8243; img_size=&#8221;full&#8221; alignment=&#8221;center&#8221;][vc_column_text]<\/p>\n<h2 style=\"text-align: center; margin-bottom: 5px;\">Palazzo Pilotta<\/h2>\n<p style=\"text-align: justify;\">Immenso complesso che prende il nome dal gioco della Pelota, ospita al suo interno, tra le altre cose, la magnifica Biblioteca Palatina.<\/p>\n<p>[\/vc_column_text][vc_btn title=&#8221;SCOPRI DI PI\u00d9&#8221; style=&#8221;custom&#8221; custom_background=&#8221;#8b171a&#8221; custom_text=&#8221;#ffffff&#8221; shape=&#8221;square&#8221; align=&#8221;center&#8221; link=&#8221;url:http%3A%2F%2Fpalazzodomanto.com%2Fpalazzo-pilotta-parma|||&#8221;][\/vc_column][\/vc_row]<\/p>\n","protected":false},"excerpt":{"rendered":"<p>[vc_row css=&#8221;.vc_custom_1515688284342{margin-bottom: 25px !important;}&#8221;][vc_column][vc_column_text] Itinerari, Monumenti e Musei a Parma I luoghi pi\u00f9 significativi e le attrazioni turistiche di parma. [\/vc_column_text][\/vc_column][\/vc_row][vc_row][vc_column width=&#8221;1\/4&#8243;][vc_single_image image=&#8221;4725&#8243; img_size=&#8221;full&#8221; alignment=&#8221;center&#8221;][vc_column_text css=&#8221;.vc_custom_1516006789957{margin-bottom: 35px !important;}&#8221;] Duomo e Battistero La cattedrale di Parma costituisce insieme al Battistero uno dei monumenti pi\u00f9 rilevanti della citt\u00e0 per bellezza e importanza storica. [\/vc_column_text][vc_btn title=&#8221;SCOPRI DI PI\u00d9&#8221;&#8230; <\/p>\n<div class=\"clear\"><\/div>\n<p><a href=\"https:\/\/www.palazzodomanto.com\/it\/cosa-visitare\/\" class=\"excerpt-read-more\">Continue Reading<i class=\"fa fa-long-arrow-right icon-long-arrow-right\"><\/i><\/a><\/p>\n","protected":false},"author":1,"featured_media":0,"parent":0,"menu_order":0,"comment_status":"closed","ping_status":"closed","template":"","meta":{"footnotes":""},"_links":{"self":[{"href":"https:\/\/www.palazzodomanto.com\/it\/wp-json\/wp\/v2\/pages\/4509"}],"collection":[{"href":"https:\/\/www.palazzodomanto.com\/it\/wp-json\/wp\/v2\/pages"}],"about":[{"href":"https:\/\/www.palazzodomanto.com\/it\/wp-json\/wp\/v2\/types\/page"}],"author":[{"embeddable":true,"href":"https:\/\/www.palazzodomanto.com\/it\/wp-json\/wp\/v2\/users\/1"}],"replies":[{"embeddable":true,"href":"https:\/\/www.palazzodomanto.com\/it\/wp-json\/wp\/v2\/comments?post=4509"}],"version-history":[{"count":10,"href":"https:\/\/www.palazzodomanto.com\/it\/wp-json\/wp\/v2\/pages\/4509\/revisions"}],"predecessor-version":[{"id":4791,"href":"https:\/\/www.palazzodomanto.com\/it\/wp-json\/wp\/v2\/pages\/4509\/revisions\/4791"}],"wp:attachment":[{"href":"https:\/\/www.palazzodomanto.com\/it\/wp-json\/wp\/v2\/media?parent=4509"}],"curies":[{"name":"wp","href":"https:\/\/api.w.org\/{rel}","templated":true}]}}