	
	
	
	
	
	
	
	
	
	
	
	
	
	
	
	
	
	
	
	
	



{"id":4515,"date":"2018-01-04T16:38:18","date_gmt":"2018-01-04T15:38:18","guid":{"rendered":"http:\/\/palazzodomanto.com\/?page_id=4515"},"modified":"2018-01-11T14:53:32","modified_gmt":"2018-01-11T13:53:32","slug":"dove-siamo","status":"publish","type":"page","link":"https:\/\/www.palazzodomanto.com\/it\/dove-siamo\/","title":{"rendered":"Dove Siamo"},"content":{"rendered":"<p>[vc_row][vc_column][vc_column_text]<\/p>\n<h1 style=\"text-align: center; font-size: 32px;\"><span style=\"color: #8b171a;\">Palazzo Domanto Parma<\/span><\/h1>\n<h2 style=\"text-align: center;\">Appartamenti temporanei in centro a Parma, a pochi minuti dalla stazione.<\/h2>\n<p>[\/vc_column_text][\/vc_column][\/vc_row][vc_row gap=&#8221;20&#8243; content_placement=&#8221;middle&#8221; css=&#8221;.vc_custom_1515677722151{margin-bottom: 20px !important;}&#8221;][vc_column width=&#8221;3\/4&#8243;][vc_column_text]<\/p>\n<p style=\"text-align: justify; line-height: 1.5em;\">Palazzo Domanto vanta una posizione strategica nel centro di Parma, a pochi minuti dalla stazione; la struttura si trova al di fuori della ZTL ed \u00e8 comodamente raggiungibile in auto.<\/p>\n<p style=\"text-align: justify; line-height: 1.5em;\">Da Palazzo Domanto \u00e8 possibile raggiungere a piedi le principali attrazioni del centro citt\u00e0 e arrivare in Piazza Garibaldi attraversando i vicoli pi\u00f9 affascinanti di Parma.<\/p>\n<p style=\"text-align: justify; line-height: 1.5em;\">Gli appartamenti sono vicini a botteghe e locali tipici della zona, presso i quali potrete degustare ottimi cibi tradizionali.<\/p>\n<p>[\/vc_column_text][\/vc_column][vc_column width=&#8221;1\/4&#8243;][vc_cta h2=&#8221;Via Dalmazia, 73&#8243; h4=&#8221;43121 Parma (PR) Italy&#8221; txt_align=&#8221;center&#8221; style=&#8221;custom&#8221; custom_background=&#8221;#8b171a&#8221; custom_text=&#8221;#ffffff&#8221;][\/vc_cta][\/vc_column][\/vc_row][vc_row content_placement=&#8221;middle&#8221;][vc_column][vc_gmaps link=&#8221;#E-8_JTNDaWZyYW1lJTIwc3JjJTNEJTIyaHR0cHMlM0ElMkYlMkZ3d3cuZ29vZ2xlLmNvbSUyRm1hcHMlMkZlbWJlZCUzRnBiJTNEJTIxMW0xOCUyMTFtMTIlMjExbTMlMjExZDIyNjQ4LjMxODY1Mjk5NTE5NiUyMTJkMTAuMzIwMTMwNzM4NjUxMzklMjEzZDQ0LjgwMDM3Njg3OTA5ODg3JTIxMm0zJTIxMWYwJTIxMmYwJTIxM2YwJTIxM20yJTIxMWkxMDI0JTIxMmk3NjglMjE0ZjEzLjElMjEzbTMlMjExbTIlMjExczB4NDc4MDZhZGI3ZWI5ODk4ZiUyNTNBMHhkNWUzZWEyZjkxMTQ4N2Y2JTIxMnNWaWElMkJEYWxtYXppYSUyNTJDJTJCNzMlMjUyQyUyQjQzMTIxJTJCUGFybWElMkJQUiUyMTVlMCUyMTNtMiUyMTFzaXQlMjEyc2l0JTIxNHYxNTE1Njc1OTE1MzA5JTIyJTIwd2lkdGglM0QlMjI2MDAlMjIlMjBoZWlnaHQlM0QlMjI0NTAlMjIlMjBmcmFtZWJvcmRlciUzRCUyMjAlMjIlMjBzdHlsZSUzRCUyMmJvcmRlciUzQTAlMjIlMjBhbGxvd2Z1bGxzY3JlZW4lM0UlM0MlMkZpZnJhbWUlM0U=&#8221;][\/vc_column][\/vc_row]<\/p>\n","protected":false},"excerpt":{"rendered":"<p>[vc_row][vc_column][vc_column_text] Palazzo Domanto Parma Appartamenti temporanei in centro a Parma, a pochi minuti dalla stazione. [\/vc_column_text][\/vc_column][\/vc_row][vc_row gap=&#8221;20&#8243; content_placement=&#8221;middle&#8221; css=&#8221;.vc_custom_1515677722151{margin-bottom: 20px !important;}&#8221;][vc_column width=&#8221;3\/4&#8243;][vc_column_text] Palazzo Domanto vanta una posizione strategica nel centro di Parma, a pochi minuti dalla stazione; la struttura si trova al di fuori della ZTL ed \u00e8 comodamente raggiungibile in auto. Da Palazzo Domanto&#8230; <\/p>\n<div class=\"clear\"><\/div>\n<p><a href=\"https:\/\/www.palazzodomanto.com\/it\/dove-siamo\/\" class=\"excerpt-read-more\">Continue Reading<i class=\"fa fa-long-arrow-right icon-long-arrow-right\"><\/i><\/a><\/p>\n","protected":false},"author":1,"featured_media":0,"parent":0,"menu_order":0,"comment_status":"closed","ping_status":"closed","template":"","meta":{"footnotes":""},"_links":{"self":[{"href":"https:\/\/www.palazzodomanto.com\/it\/wp-json\/wp\/v2\/pages\/4515"}],"collection":[{"href":"https:\/\/www.palazzodomanto.com\/it\/wp-json\/wp\/v2\/pages"}],"about":[{"href":"https:\/\/www.palazzodomanto.com\/it\/wp-json\/wp\/v2\/types\/page"}],"author":[{"embeddable":true,"href":"https:\/\/www.palazzodomanto.com\/it\/wp-json\/wp\/v2\/users\/1"}],"replies":[{"embeddable":true,"href":"https:\/\/www.palazzodomanto.com\/it\/wp-json\/wp\/v2\/comments?post=4515"}],"version-history":[{"count":10,"href":"https:\/\/www.palazzodomanto.com\/it\/wp-json\/wp\/v2\/pages\/4515\/revisions"}],"predecessor-version":[{"id":4662,"href":"https:\/\/www.palazzodomanto.com\/it\/wp-json\/wp\/v2\/pages\/4515\/revisions\/4662"}],"wp:attachment":[{"href":"https:\/\/www.palazzodomanto.com\/it\/wp-json\/wp\/v2\/media?parent=4515"}],"curies":[{"name":"wp","href":"https:\/\/api.w.org\/{rel}","templated":true}]}}